{"id":914,"date":"2025-02-05T13:23:32","date_gmt":"2025-02-05T12:23:32","guid":{"rendered":"https:\/\/svalbardturn.no\/topptrimmen\/?page_id=914"},"modified":"2025-03-05T08:11:40","modified_gmt":"2025-03-05T07:11:40","slug":"praktisk-info","status":"publish","type":"page","link":"https:\/\/svalbardturn.no\/topptrimmen\/praktisk-info\/","title":{"rendered":"Praktisk info"},"content":{"rendered":"<p style=\"text-align: center;\"><strong>Velkommen til Svalbard Turn\u2019s turgruppe<\/strong><\/p>\n<p>&nbsp;<\/p>\n<p><strong>Hvem kan v\u00e6re med p\u00e5 tur?<\/strong><\/p>\n<p>Alle over 16 \u00e5r som er medlem av Svalbard Turn er velkommen til \u00e5 melde seg p\u00e5. Turene utf\u00f8res av v\u00e5re frivillige turledere, som er ansvarlig for sikkerheten utenfor bygrensen.<\/p>\n<p><strong>V\u00e5pensikkerhet<\/strong><\/p>\n<p>P\u00e5 grunn av isbj\u00f8rnfaren p\u00e5 Svalbard skal alle som beveger seg utenfor bosettingene ha egnede midler til skremming av isbj\u00f8rn. Under turgruppens turer er det kun turledere som b\u00e6rer v\u00e5pen og de forholder seg til retningslinjer fra Sysselmesteren p\u00e5 Svalbard. Ved turer utenfor bosetningen vil turleder alltid ha med n\u00f8dvendige midler for isbj\u00f8rnbeskyttelse. INGEN deltakere f\u00e5r ha med eget v\u00e5pen p\u00e5 turene.<\/p>\n<p><strong>Barn og hund<\/strong><\/p>\n<p>Turene er for voksne\/unge voksne. Dette for \u00e5 kunne opprettholde et samlag og tempo i gruppen. De som vil, kan ta med hund p\u00e5 turen. Om mulig, gi beskjed til den som er turleder. Hunden din m\u00e5 ha godt lynne, den skal v\u00e6re i b\u00e5nd til enhver tid (ingen unntak) og den m\u00e5 v\u00e6re i form til \u00e5 delta p\u00e5 turen uten problemer.<\/p>\n<p><strong>Frivillige turledere<\/strong><\/p>\n<p>Turene ledes av frivillige som har erfaring fra turlivet p\u00e5 Svalbard og som kan h\u00e5ndtere v\u00e5pen for isbj\u00f8rnbeskyttelse. Turlederne er ikke profesjonelle men g\u00e5r p\u00e5 tur p\u00e5 dugnadsbasis fordi de har glede av \u00e5 ferdes i naturen og av \u00e5 ta med andre p\u00e5 sine opplevelser. V\u00e5re turledere har rett til \u00e5 avvise oppm\u00f8tte om de ikke oppfyller v\u00e5re retningslinjer (kl\u00e6r, utstyr etc). En turleder kan kun ha med 9 personer p\u00e5 tur. Dette kravet er satt i samr\u00e5d med Sysselmesteren.<\/p>\n<p><strong>P\u00e5melding<\/strong><\/p>\n<p>P\u00e5melding \u00e5pner 1 uke f\u00f8r den aktuelle turen og stenger 1 time f\u00f8r turstart. Om du er p\u00e5meldt, men noe skulle endre seg, s\u00e5 ber vi deg melde deg av s\u00e5 snart som mulig. Vi har venteliste og der rykker man automatisk fram n\u00e5r noen melder seg av. Til de som melder seg p\u00e5, men som ikke m\u00f8ter opp til tur kan bli utstengt i perioder fra turgruppens aktiviteter.<\/p>\n<p><strong>Velg tur etter evne<\/strong><\/p>\n<p>Det skal v\u00e6re g\u00f8y \u00e5 v\u00e6re med p\u00e5 fellestur. Har du valgt en for krevende tur kan turgleden og den gode friluftsopplevelsen bli \u00f8delagt av tunge stigninger eller kalde fingre og t\u00e6r. Det kan ogs\u00e5 skape problemer for resten av gruppen om man blir n\u00f8dt \u00e5 snu. Det er derfor viktig at du ikke undervurderer vanskelighetsgraden n\u00e5r du melder deg p\u00e5.<\/p>\n<p><strong>Ta med n\u00f8dvendig kl\u00e6r og utstyr<\/strong><\/p>\n<p>Som deltaker m\u00e5 du selv s\u00f8rge for \u00e5 ha med n\u00f8dvendig kl\u00e6r\/utstyr som egner seg for turen. Utstyret er et krav for deltakelse ikke bare et tips. N\u00e5r det st\u00e5r refleks, brodder og hodelykt, s\u00e5 skal dette v\u00e6re med. Om du ikke har med rett utstyr vil du kunne bli avvist ved turstart.<\/p>\n<p>&nbsp;<\/p>\n<p><strong>Ved sp\u00f8rsm\u00e5l, send en melding til Topptrimmen\u2019s Messenger eller til epost post@svalbardturn.no<\/strong><\/p>\n<p>&nbsp;<\/p>\n<p><strong>God tur, hilsen turgruppen<\/strong><\/p>\n","protected":false},"excerpt":{"rendered":"<p>Velkommen til Svalbard Turn\u2019s turgruppe &nbsp; Hvem kan v\u00e6re med p\u00e5 tur? Alle over 16 \u00e5r som er medlem av Svalbard Turn er velkommen til \u00e5 melde seg p\u00e5. Turene utf\u00f8res av v\u00e5re frivillige turledere, som er ansvarlig for sikkerheten utenfor bygrensen. V\u00e5pensikkerhet P\u00e5 grunn av isbj\u00f8rnfaren p\u00e5 Svalbard skal alle som beveger seg utenfor [&hellip;]<\/p>\n","protected":false},"author":15,"featured_media":0,"parent":0,"menu_order":0,"comment_status":"closed","ping_status":"closed","template":"","meta":{"footnotes":""},"class_list":["post-914","page","type-page","status-publish","hentry"],"_links":{"self":[{"href":"https:\/\/svalbardturn.no\/topptrimmen\/wp-json\/wp\/v2\/pages\/914"}],"collection":[{"href":"https:\/\/svalbardturn.no\/topptrimmen\/wp-json\/wp\/v2\/pages"}],"about":[{"href":"https:\/\/svalbardturn.no\/topptrimmen\/wp-json\/wp\/v2\/types\/page"}],"author":[{"embeddable":true,"href":"https:\/\/svalbardturn.no\/topptrimmen\/wp-json\/wp\/v2\/users\/15"}],"replies":[{"embeddable":true,"href":"https:\/\/svalbardturn.no\/topptrimmen\/wp-json\/wp\/v2\/comments?post=914"}],"version-history":[{"count":5,"href":"https:\/\/svalbardturn.no\/topptrimmen\/wp-json\/wp\/v2\/pages\/914\/revisions"}],"predecessor-version":[{"id":944,"href":"https:\/\/svalbardturn.no\/topptrimmen\/wp-json\/wp\/v2\/pages\/914\/revisions\/944"}],"wp:attachment":[{"href":"https:\/\/svalbardturn.no\/topptrimmen\/wp-json\/wp\/v2\/media?parent=914"}],"curies":[{"name":"wp","href":"https:\/\/api.w.org\/{rel}","templated":true}]}}